{"id":596,"date":"2011-06-30T14:29:14","date_gmt":"2011-06-30T12:29:14","guid":{"rendered":"http:\/\/demoseite.upeuker.net\/wordpress\/?page_id=596"},"modified":"2022-02-27T15:47:37","modified_gmt":"2022-02-27T14:47:37","slug":"ensembles-des-orchesters","status":"publish","type":"page","link":"https:\/\/orchesterfreunde-gera.de\/content\/ensembles-des-orchesters\/","title":{"rendered":"Ensembles des Orchesters"},"content":{"rendered":"\n<p class=\"has-medium-font-size\">Auf dieser Seite stellen wir Ihnen die vielf\u00e4ltigen kammermusikalischen Aktivit\u00e4ten unserer Orchestermusiker und ihrer Freunde vor<\/p>\n\n\n\n<ul class=\"has-medium-font-size wp-block-list\"><li><h4><a rel=\"noopener noreferrer\" href=\"http:\/\/www.ensemble-dix.de\" target=\"_blank\">ensemble dix<\/a><\/h4> <\/li><li><h4><a title=\"Reu\u00dfisches Kammerorchester e.V.\" rel=\"noopener noreferrer\" href=\"http:\/\/de.wikipedia.org\/wiki\/Reu\u00dfisches_Kammerorchester\" target=\"_blank\">Reussisches Kammerorchester e.V.<\/a><\/h4> <\/li><\/ul>\n\n\n\n<p class=\"has-medium-font-size\">Aus Dankbarkeit f\u00fcr die vielen sch\u00f6nen Fotos, Filme und die st\u00e4ndige Bereitschaft, uns zu helfen:<\/p>\n\n\n\n<ul class=\"has-medium-font-size wp-block-list\"><li><h4><a rel=\"noopener noreferrer\" href=\"http:\/\/www.stephanwalzl.de\" target=\"_blank\">Stephan Walzl<\/a> -Fotografie und Fotodesign-<\/h4> <\/li><li><h4><a rel=\"noopener noreferrer\" href=\"http:\/\/www.fbasentertainment.com\/\" target=\"_blank\">Andreas Hiekel<\/a> -Entertainment-<\/h4> <\/li><\/ul>\n\n\n\n<p class=\"has-medium-font-size\">Hinweis: Wir sind f\u00fcr die Inhalte externer Links nicht verantwortlich, daher distanzieren wir uns im rechtlichen Sinne von diesen Inhalten, auch wenn wir diese gut finden sollten.<\/p>\n","protected":false},"excerpt":{"rendered":"<p>Auf dieser Seite stellen wir Ihnen die vielf\u00e4ltigen kammermusikalischen Aktivit\u00e4ten unserer Orchestermusiker und ihrer Freunde vor ensemble dix Reussisches Kammerorchester e.V. Aus Dankbarkeit f\u00fcr die vielen sch\u00f6nen Fotos, Filme und die st\u00e4ndige Bereitschaft, uns zu helfen: Stephan Walzl -Fotografie und Fotodesign- Andreas Hiekel -Entertainment- Hinweis: Wir sind f\u00fcr die Inhalte externer Links nicht verantwortlich, daher [&hellip;]<\/p>\n","protected":false},"author":2,"featured_media":0,"parent":0,"menu_order":0,"comment_status":"open","ping_status":"open","template":"","meta":{"footnotes":""},"class_list":["post-596","page","type-page","status-publish","hentry"],"_links":{"self":[{"href":"https:\/\/orchesterfreunde-gera.de\/content\/wp-json\/wp\/v2\/pages\/596","targetHints":{"allow":["GET"]}}],"collection":[{"href":"https:\/\/orchesterfreunde-gera.de\/content\/wp-json\/wp\/v2\/pages"}],"about":[{"href":"https:\/\/orchesterfreunde-gera.de\/content\/wp-json\/wp\/v2\/types\/page"}],"author":[{"embeddable":true,"href":"https:\/\/orchesterfreunde-gera.de\/content\/wp-json\/wp\/v2\/users\/2"}],"replies":[{"embeddable":true,"href":"https:\/\/orchesterfreunde-gera.de\/content\/wp-json\/wp\/v2\/comments?post=596"}],"version-history":[{"count":12,"href":"https:\/\/orchesterfreunde-gera.de\/content\/wp-json\/wp\/v2\/pages\/596\/revisions"}],"predecessor-version":[{"id":468596,"href":"https:\/\/orchesterfreunde-gera.de\/content\/wp-json\/wp\/v2\/pages\/596\/revisions\/468596"}],"wp:attachment":[{"href":"https:\/\/orchesterfreunde-gera.de\/content\/wp-json\/wp\/v2\/media?parent=596"}],"curies":[{"name":"wp","href":"https:\/\/api.w.org\/{rel}","templated":true}]}}