{"id":519,"date":"2011-06-30T12:30:22","date_gmt":"2011-06-30T10:30:22","guid":{"rendered":"http:\/\/demoseite.upeuker.net\/wordpress\/?page_id=519"},"modified":"2024-02-15T08:40:50","modified_gmt":"2024-02-15T07:40:50","slug":"mitglied-werden","status":"publish","type":"page","link":"https:\/\/orchesterfreunde-gera.de\/content\/verein\/mitglied-werden\/","title":{"rendered":"Mitglied werden"},"content":{"rendered":"\n<p class=\"has-normal-font-size\">Wenn Sie an einer Mitarbeit im Verein interessiert sind, w\u00fcrden wir uns sehr freuen, wenn Sie Mitglied werden.<br>Hier k\u00f6nnen Sie einen Aufnahmeantrag herunterladen. Senden Sie ihn ausgef\u00fcllt an unten stehende Adresse oder scannen Sie ihn und mailen ihn an die unten angegebene email Adresse.<\/p>\n\n\n\n<h3 class=\"wp-block-heading has-medium-font-size\"><a href=\"https:\/\/orchesterfreunde-gera.de\/content\/wp-content\/uploads\/2024\/02\/Aufnahmeantrag2024-1.pdf\" data-type=\"link\" data-id=\"https:\/\/orchesterfreunde-gera.de\/content\/wp-content\/uploads\/2024\/02\/Aufnahmeantrag2024-1.pdf\" target=\"_blank\" rel=\"noreferrer noopener\">Aufnahmeantrag<\/a><\/h3>\n\n\n\n<p class=\"has-normal-font-size\">Gern k\u00f6nnen Sie auch die Arbeit des Vereines und des Orchesters auf andere Weise unterst\u00fctzen. Wenn sie Spenden, Zuwendungen oder Ideen f\u00fcr interessante Projekte haben, wenden Sie sich bitte an:<\/p>\n\n\n\n<p class=\"has-normal-font-size\">Verein der Orchesterfreunde e.V.<\/p>\n\n\n\n<p class=\"has-normal-font-size\">Am Hermsdorfer Anger 39<\/p>\n\n\n\n<p class=\"has-normal-font-size\">Gera 07554<\/p>\n\n\n\n<p class=\"has-normal-font-size\">Telefon: 03669522538<\/p>\n\n\n\n<p class=\"has-normal-font-size\">e-mail: <a href=\"mailto:%20kontakt@orchesterfreunde-gera.de\" target=\"_blank\" rel=\"noreferrer noopener\">kontakt(at)orchesterfreunde-gera.de<\/a><\/p>\n","protected":false},"excerpt":{"rendered":"<p>Wenn Sie an einer Mitarbeit im Verein interessiert sind, w\u00fcrden wir uns sehr freuen, wenn Sie Mitglied werden.Hier k\u00f6nnen Sie einen Aufnahmeantrag herunterladen. Senden Sie ihn ausgef\u00fcllt an unten stehende Adresse oder scannen Sie ihn und mailen ihn an die unten angegebene email Adresse. Aufnahmeantrag Gern k\u00f6nnen Sie auch die Arbeit des Vereines und des [&hellip;]<\/p>\n","protected":false},"author":2,"featured_media":0,"parent":463,"menu_order":0,"comment_status":"open","ping_status":"open","template":"","meta":{"footnotes":""},"class_list":["post-519","page","type-page","status-publish","hentry"],"_links":{"self":[{"href":"https:\/\/orchesterfreunde-gera.de\/content\/wp-json\/wp\/v2\/pages\/519","targetHints":{"allow":["GET"]}}],"collection":[{"href":"https:\/\/orchesterfreunde-gera.de\/content\/wp-json\/wp\/v2\/pages"}],"about":[{"href":"https:\/\/orchesterfreunde-gera.de\/content\/wp-json\/wp\/v2\/types\/page"}],"author":[{"embeddable":true,"href":"https:\/\/orchesterfreunde-gera.de\/content\/wp-json\/wp\/v2\/users\/2"}],"replies":[{"embeddable":true,"href":"https:\/\/orchesterfreunde-gera.de\/content\/wp-json\/wp\/v2\/comments?post=519"}],"version-history":[{"count":22,"href":"https:\/\/orchesterfreunde-gera.de\/content\/wp-json\/wp\/v2\/pages\/519\/revisions"}],"predecessor-version":[{"id":51791395715222542,"href":"https:\/\/orchesterfreunde-gera.de\/content\/wp-json\/wp\/v2\/pages\/519\/revisions\/51791395715222542"}],"up":[{"embeddable":true,"href":"https:\/\/orchesterfreunde-gera.de\/content\/wp-json\/wp\/v2\/pages\/463"}],"wp:attachment":[{"href":"https:\/\/orchesterfreunde-gera.de\/content\/wp-json\/wp\/v2\/media?parent=519"}],"curies":[{"name":"wp","href":"https:\/\/api.w.org\/{rel}","templated":true}]}}