{"id":51791395715222820,"date":"2026-04-15T20:47:18","date_gmt":"2026-04-15T18:47:18","guid":{"rendered":"https:\/\/orchesterfreunde-gera.de\/content\/?page_id=51791395715222820"},"modified":"2026-04-15T20:48:52","modified_gmt":"2026-04-15T18:48:52","slug":"verein-foerdert-musik","status":"publish","type":"page","link":"https:\/\/orchesterfreunde-gera.de\/content\/","title":{"rendered":"Verein f\u00f6rdert Musik"},"content":{"rendered":"\n<p class=\"has-medium-font-size\">Zum 8. Philharmonischen Konzert am 22.4. und 23.4.26 in Gera (24.04. in Altenburg), jeweils 19.30 Uhr wird unter anderem ein Werk der jungen Komponistin Aziza Sadikova f\u00fcr zwei Kontrab\u00e4sse und Kammerorchester zu Auff\u00fchrung kommen. <strong><a href=\"https:\/\/theater-altenburg-gera.de\/stuecke-konzerte\/8-philharmonisches-konzert-2006\/\" target=\"_blank\" rel=\"noreferrer noopener\">Karten<\/a><\/strong><\/p>\n\n\n\n<p class=\"has-medium-font-size\">Die Solopartien \u00fcbernehmen die beiden Mitglieder unseres Philharmonischen Orchesters Franziska Rau und Vincent P.Y. Peterseim.<\/p>\n\n\n\n<p class=\"has-medium-font-size\">Der Verein der Orchesterfreunde freut sich, diese Urauff\u00fchrung mit einer betr\u00e4chtlichen Summe f\u00f6rdern zu k\u00f6nnen und die Gelegenheit zu schaffen, die hervorragenden solistischen F\u00e4higkeiten unserer Orchestermusiker unter Beweis zu stellen.<\/p>\n\n\n\n<p class=\"has-medium-font-size\">Der Kontrabass ist im letzten Jahrhundert \u201eb\u00fchnentauglich\u201c geworden, nicht zuletzt durch das Theaterst\u00fcck von Patrick S\u00fcskind, dass auch in Gera vor einigen Jahren aufgef\u00fchrt wurde.<\/p>\n\n\n\n<p class=\"has-medium-font-size\">Damit die Besucher des Konzerts auch selbst einmal dieses beeindruckende Instrument n\u00e4her kennenlernen k\u00f6nnen, bietet der Verein der Orchesterfreunde vor den Konzerten die Gelegenheit, es anzufassen, dem Kontrabassisten Michael Kautzsch Fragen zu stellen und vielleicht sogar einen Mitgliedsantrag f\u00fcr den Verein mit nach Hause zu nehmen! Sie finden uns im Konzertsaalfoyer!<\/p>\n\n\n\n<p class=\"has-medium-font-size\">Wir w\u00fcrden uns freuen, Sie pers\u00f6nlich zu begr\u00fc\u00dfen und mit Ihnen voll Aufgeschlossenheit und Freude dem Konzert zu lauschen.<\/p>\n\n\n\n<figure class=\"wp-block-image size-large\"><a href=\"https:\/\/orchesterfreunde-gera.de\/content\/wp-content\/uploads\/2026\/04\/Sadikova_PhK8.jpg\"><img decoding=\"async\" src=\"https:\/\/orchesterfreunde-gera.de\/content\/wp-content\/uploads\/2026\/04\/Sadikova_PhK8-768x1024.jpg\" alt=\"\" class=\"wp-image-51791395715222824\"\/><\/a><\/figure>\n","protected":false},"excerpt":{"rendered":"<p>Zum 8. Philharmonischen Konzert am 22.4. und 23.4.26 in Gera (24.04. in Altenburg), jeweils 19.30 Uhr wird unter anderem ein Werk der jungen Komponistin Aziza Sadikova f\u00fcr zwei Kontrab\u00e4sse und Kammerorchester zu Auff\u00fchrung kommen. Karten Die Solopartien \u00fcbernehmen die beiden Mitglieder unseres Philharmonischen Orchesters Franziska Rau und Vincent P.Y. Peterseim. Der Verein der Orchesterfreunde freut [&hellip;]<\/p>\n","protected":false},"author":2,"featured_media":0,"parent":0,"menu_order":0,"comment_status":"closed","ping_status":"closed","template":"","meta":{"footnotes":""},"class_list":["post-51791395715222820","page","type-page","status-publish","hentry"],"_links":{"self":[{"href":"https:\/\/orchesterfreunde-gera.de\/content\/wp-json\/wp\/v2\/pages\/51791395715222820","targetHints":{"allow":["GET"]}}],"collection":[{"href":"https:\/\/orchesterfreunde-gera.de\/content\/wp-json\/wp\/v2\/pages"}],"about":[{"href":"https:\/\/orchesterfreunde-gera.de\/content\/wp-json\/wp\/v2\/types\/page"}],"author":[{"embeddable":true,"href":"https:\/\/orchesterfreunde-gera.de\/content\/wp-json\/wp\/v2\/users\/2"}],"replies":[{"embeddable":true,"href":"https:\/\/orchesterfreunde-gera.de\/content\/wp-json\/wp\/v2\/comments?post=51791395715222820"}],"version-history":[{"count":3,"href":"https:\/\/orchesterfreunde-gera.de\/content\/wp-json\/wp\/v2\/pages\/51791395715222820\/revisions"}],"predecessor-version":[{"id":51791395715222825,"href":"https:\/\/orchesterfreunde-gera.de\/content\/wp-json\/wp\/v2\/pages\/51791395715222820\/revisions\/51791395715222825"}],"wp:attachment":[{"href":"https:\/\/orchesterfreunde-gera.de\/content\/wp-json\/wp\/v2\/media?parent=51791395715222820"}],"curies":[{"name":"wp","href":"https:\/\/api.w.org\/{rel}","templated":true}]}}