{"id":51791395715222560,"date":"2024-09-03T10:09:56","date_gmt":"2024-09-03T08:09:56","guid":{"rendered":"https:\/\/orchesterfreunde-gera.de\/content\/?page_id=51791395715222560"},"modified":"2025-10-04T18:08:28","modified_gmt":"2025-10-04T16:08:28","slug":"dirigierakademie","status":"publish","type":"page","link":"https:\/\/orchesterfreunde-gera.de\/content\/dirigierakademie\/","title":{"rendered":"Dirigierakademie"},"content":{"rendered":"\n<p class=\"has-text-align-left has-medium-font-size\">Dirigierakademie am Theater Altenburg Gera<\/p>\n\n\n\n<p class=\"has-text-align-left has-medium-font-size\">Im 26. Jahr seines Bestehens versammelte der Verein der Orchesterfreunde Gera e.V. starke Partner hinter der Idee des Altenburg-Geraer Orchestervorstandes, in Th\u00fcringen die erste Akademie f\u00fcr Dirigierstudenten am Theater Altenburg Gera zu etablieren.<\/p>\n\n\n\n<p class=\"has-text-align-left has-medium-font-size\">Gemeinsam mit dem Theater, der Theaterstiftung und der Volksbank vor Ort gelang es somit, ein Stipendium f\u00fcr eine praxisnahe Ausbildung von Dirigierstudenten auszuloben. Mit diesem k\u00f6nnen nun w\u00e4hrend einer kompletten Spielzeit Erfahrungen am Theater gesammelt werden. 99 junge Dirigentinnen und Dirigenten interessierten sich auf Anhieb f\u00fcr diese Ausbildung und unterstrichen somit die gro\u00dfe Notwendigkeit einer solchen Akademie. Mit ihr und der parallelen Orchesterakademie manifestiert das Theater Altenburg Gera seine Vorreiterrolle bei der Ausbildung des orchestralen Nachwuchses. F\u00fcr zwei Spielzeiten ist die Finanzierung gesichert. Eine Verstetigung ist unser fest erkl\u00e4rtes Ziel.<\/p>\n\n\n\n<p class=\"has-medium-font-size\">Wir setzen unser Stipendienprogramm f\u00fcr Nachwuchstalente im Fach Dirigieren fort: Ab September 2025 ist Maria Keller die zweite Stipendiatin unserer noch jungen Dirigierakademie.<\/p>\n\n\n\n<p class=\"has-medium-font-size\">Die in Deutschland ausgebildete Dirigentin bringt bereits vielf\u00e4ltige Erfahrungen mit \u2013 u. a. mit den D\u00fcsseldorfer und Brandenburger Symphonikern sowie dem Staatsorchester Rheinische Philharmonie Koblenz. Internationale Anerkennung erhielt sie zudem bei Wettbewerben in Athen und Rum\u00e4nien.<\/p>\n\n\n\n<p class=\"has-medium-font-size\">Begleitet wird Maria Keller w\u00e4hrend ihres Stipendiums von Generalmusikdirektor Ruben Gazarian, der die Akademist:innen k\u00fcnstlerisch betreut.<\/p>\n\n\n\n<p class=\"has-medium-font-size\">Wir w\u00fcnschen ihr einen inspirierenden Start und viele spannende musikalische Momente mit unserem Philharmonischen Orchester Altenburg Gera! <\/p>\n\n\n\n<p class=\"has-medium-font-size\">Maria Keller neben ihrem Mentor Ruben Gazarian<\/p>\n\n\n\n<figure class=\"wp-block-image size-full is-resized\"><a href=\"https:\/\/orchesterfreunde-gera.de\/content\/wp-content\/uploads\/2025\/10\/Screenshot-2025-10-04-180455.jpg\"><img decoding=\"async\" src=\"https:\/\/orchesterfreunde-gera.de\/content\/wp-content\/uploads\/2025\/10\/Screenshot-2025-10-04-180455.jpg\" alt=\"\" class=\"wp-image-51791395715222770\" style=\"width:840px;height:auto\"\/><\/a><\/figure>\n\n\n\n<figure class=\"wp-block-image size-full\"><a href=\"https:\/\/orchesterfreunde-gera.de\/content\/wp-content\/uploads\/2024\/11\/466669250_1122513289882754_5668080621902933465_n.jpg\"><img decoding=\"async\" src=\"https:\/\/orchesterfreunde-gera.de\/content\/wp-content\/uploads\/2024\/11\/466669250_1122513289882754_5668080621902933465_n.jpg\" alt=\"\" class=\"wp-image-51791395715222670\"\/><\/a><\/figure>\n\n\n\n<p class=\"has-medium-font-size\">Sungjin Kim, hier bereits mit dem Philharmonischen Orchester bei der Arbeit, war der Stipendiat der Akademie ab November 2024 bis September 2025<\/p>\n\n\n\n<p>Fotos: Ronny Ristok<\/p>\n\n\n\n<p><\/p>\n","protected":false},"excerpt":{"rendered":"<p>Dirigierakademie am Theater Altenburg Gera Im 26. Jahr seines Bestehens versammelte der Verein der Orchesterfreunde Gera e.V. starke Partner hinter der Idee des Altenburg-Geraer Orchestervorstandes, in Th\u00fcringen die erste Akademie f\u00fcr Dirigierstudenten am Theater Altenburg Gera zu etablieren. Gemeinsam mit dem Theater, der Theaterstiftung und der Volksbank vor Ort gelang es somit, ein Stipendium f\u00fcr [&hellip;]<\/p>\n","protected":false},"author":2,"featured_media":0,"parent":0,"menu_order":0,"comment_status":"closed","ping_status":"closed","template":"","meta":{"footnotes":""},"class_list":["post-51791395715222560","page","type-page","status-publish","hentry"],"_links":{"self":[{"href":"https:\/\/orchesterfreunde-gera.de\/content\/wp-json\/wp\/v2\/pages\/51791395715222560","targetHints":{"allow":["GET"]}}],"collection":[{"href":"https:\/\/orchesterfreunde-gera.de\/content\/wp-json\/wp\/v2\/pages"}],"about":[{"href":"https:\/\/orchesterfreunde-gera.de\/content\/wp-json\/wp\/v2\/types\/page"}],"author":[{"embeddable":true,"href":"https:\/\/orchesterfreunde-gera.de\/content\/wp-json\/wp\/v2\/users\/2"}],"replies":[{"embeddable":true,"href":"https:\/\/orchesterfreunde-gera.de\/content\/wp-json\/wp\/v2\/comments?post=51791395715222560"}],"version-history":[{"count":10,"href":"https:\/\/orchesterfreunde-gera.de\/content\/wp-json\/wp\/v2\/pages\/51791395715222560\/revisions"}],"predecessor-version":[{"id":51791395715222767,"href":"https:\/\/orchesterfreunde-gera.de\/content\/wp-json\/wp\/v2\/pages\/51791395715222560\/revisions\/51791395715222767"}],"wp:attachment":[{"href":"https:\/\/orchesterfreunde-gera.de\/content\/wp-json\/wp\/v2\/media?parent=51791395715222560"}],"curies":[{"name":"wp","href":"https:\/\/api.w.org\/{rel}","templated":true}]}}