{"id":468367,"date":"2020-08-30T14:58:57","date_gmt":"2020-08-30T12:58:57","guid":{"rendered":"http:\/\/orchesterfreunde-gera.de\/content\/?page_id=468367"},"modified":"2020-10-23T09:24:04","modified_gmt":"2020-10-23T07:24:04","slug":"ruben-gazarian","status":"publish","type":"page","link":"https:\/\/orchesterfreunde-gera.de\/content\/ruben-gazarian\/","title":{"rendered":"Ruben Gazarian"},"content":{"rendered":"\n<div class=\"wp-block-image\"><figure class=\"alignright size-large\"><img loading=\"lazy\" decoding=\"async\" width=\"198\" height=\"240\" src=\"https:\/\/orchesterfreunde-gera.de\/content\/wp-content\/uploads\/2020\/08\/csm_Ruben_Gazarian__Foto_Ronny_Ristok__3_hoch_640c859520.jpg\" alt=\"\" class=\"wp-image-468372\"\/><figcaption>Foto:Ronny Ristock<\/figcaption><\/figure><\/div>\n\n\n\n<p class=\"has-normal-font-size\">war von 2002 bis 2018 Chefdirigent und K\u00fcnstlerischer Leiter des W\u00fcrttembergischen Kammerorchesters Heilbronn, wo er in&nbsp; 860 Konzerten und 26 CD-Produktione das Repertoire des renommierten Klangk\u00f6rpers um zahlreiche Werke aus der Romantik, der fr\u00fchen Moderne und der Avantgarde bereicherte. F\u00fcr seine Verdienste w\u00e4hrend dieser langen Amtszeit wurde Gazarian im Juni 2018 mit der Goldenen M\u00fcnze der Stadt ausgezeichnet.<br>Zus\u00e4tzlich zur Chefposition in Heilbronn \u00fcbernahm Ruben Gazarian Anfang 2015 die K\u00fcnstlerische Leitung des Georgischen Kammerorchesters Ingolstadt, die er bis heute innehat.<br>Als Gastdirigent stand Ruben Gazarian u. a. am Pult des Radio-Sinfonieorchesters Stuttgart des SWR, des WDR-Sinfonieorchesters K\u00f6ln, des hr-Sinfonieorchesters Frankfurt, der Hamburger Symphoniker, des Staatsorchesters Kassel, des Deutschen Symphonie-Orchesters Berlin, des Frankfurter Museumsorchesters, des Hessischen Staatsorchesters Wiesbaden, der S\u00fcdwestdeutschen Philharmonie Konstanz, der Nordwestdeutschen Philharmonie Herford, des Orchestre National de Lyon, des Jerusalem Symphony Orchestra, des Orchesters Rishon LeZion (Orchester der Oper Tel Aviv), des Tonk\u00fcnstler Orchester Nieder\u00f6sterreich, des Wroclawer Philharmonischen Orchesters, des Belgrader Philharmonischen Orchesters und des Z\u00fcrcher Kammerorchesters.<br>Erfolgreiche Zusammenarbeit verbindet Ruben Gazarian mit so namhaften Solisten wie Khatia Buniatishvili, Gautier und Renaud Capu\u00e7on, Julia Fischer, Hilary Hahn, Maximilian Hornung, Sharon Kam, Katia &amp; Marielle Lab\u00e8que, Elisabeth Leonskaja, Sabine Meyer, Daniel M\u00fcller-Schott, Viktoria Mullova, Sergei Nakariakov, Gerhard Oppitz, Fazil Say, Emmanuel Tjeknavorian, Jean-Yves Thibaudet, Frank Peter Zimmermann, Beaux Arts Trio, Gewandhaus-Quartett und vielen anderen.<br>Im Alter von vier Jahren erhielt Ruben Gazarian den ersten Violinunterricht von seinem Vater. Es folgte eine Ausbildung an der Spezialmusikschule \u201eP. I. Tschaikowsky\u201c und sp\u00e4ter am Konservatorium in Eriwan beim Primarius des ber\u00fchmten Borodin-Quartetts Ruben Aharonian. Seine solistische Laufbahn begann Gazarian 1983 mit Recitals und Auftritten mit verschiedenen Kammer- und Sinfonieorchestern. Noch w\u00e4hrend des Studiums erhielt er einen Sondervertrag als Vorspieler und Solist des Staatlichen Kammerorchesters Armenien und war zeitgleich Geiger im Staatlichen Klaviertrio des Armenischen Rundfunks und Fernsehens. Im Jahr 1992 setzte Ruben Gazarian sein Violinstudium an der Hochschule f\u00fcr Musik und Theater Leipzig fort und schloss es 1995 mit dem Konzertexamen ab. Noch im gleichen Jahr folgte ebenfalls an der Leipziger Musikhochschule ein Dirigierstudium, welches er 1998 mit H\u00f6chstnote absolvierte.<br>Nach mehrj\u00e4hriger T\u00e4tigkeit (1993-1998) als Erster Konzertmeister des Wests\u00e4chsischen Symphonieorchesters, wurde Ruben Gazarian 1999 zu dessen Chefdirigenten gew\u00e4hlt. Unmittelbar vor seinem Amtsantritt beim W\u00fcrttembergischen Kammerorchesters Heilbronn im September 2002, wurde Gazarian zum Preistr\u00e4ger des 1. Solti Dirigentenwettbewerbs in Frankfurt am Main.<br>Eine umfangreiche und stets wachsende Diskografie dokumentiert die Bandbreite des K\u00fcnstlers und seinen sicheren Umgang mit Werken verschiedenster Epochen und Stilrichtungen.<\/p>\n","protected":false},"excerpt":{"rendered":"<p>war von 2002 bis 2018 Chefdirigent und K\u00fcnstlerischer Leiter des W\u00fcrttembergischen Kammerorchesters Heilbronn, wo er in&nbsp; 860 Konzerten und 26 CD-Produktione das Repertoire des renommierten Klangk\u00f6rpers um zahlreiche Werke aus der Romantik, der fr\u00fchen Moderne und der Avantgarde bereicherte. F\u00fcr seine Verdienste w\u00e4hrend dieser langen Amtszeit wurde Gazarian im Juni 2018 mit der Goldenen M\u00fcnze [&hellip;]<\/p>\n","protected":false},"author":2,"featured_media":0,"parent":0,"menu_order":0,"comment_status":"closed","ping_status":"closed","template":"","meta":{"footnotes":""},"class_list":["post-468367","page","type-page","status-publish","hentry"],"_links":{"self":[{"href":"https:\/\/orchesterfreunde-gera.de\/content\/wp-json\/wp\/v2\/pages\/468367","targetHints":{"allow":["GET"]}}],"collection":[{"href":"https:\/\/orchesterfreunde-gera.de\/content\/wp-json\/wp\/v2\/pages"}],"about":[{"href":"https:\/\/orchesterfreunde-gera.de\/content\/wp-json\/wp\/v2\/types\/page"}],"author":[{"embeddable":true,"href":"https:\/\/orchesterfreunde-gera.de\/content\/wp-json\/wp\/v2\/users\/2"}],"replies":[{"embeddable":true,"href":"https:\/\/orchesterfreunde-gera.de\/content\/wp-json\/wp\/v2\/comments?post=468367"}],"version-history":[{"count":4,"href":"https:\/\/orchesterfreunde-gera.de\/content\/wp-json\/wp\/v2\/pages\/468367\/revisions"}],"predecessor-version":[{"id":468461,"href":"https:\/\/orchesterfreunde-gera.de\/content\/wp-json\/wp\/v2\/pages\/468367\/revisions\/468461"}],"wp:attachment":[{"href":"https:\/\/orchesterfreunde-gera.de\/content\/wp-json\/wp\/v2\/media?parent=468367"}],"curies":[{"name":"wp","href":"https:\/\/api.w.org\/{rel}","templated":true}]}}