{"id":467052,"date":"2016-06-16T15:07:52","date_gmt":"2016-06-16T13:07:52","guid":{"rendered":"http:\/\/orchesterfreunde-gera.de\/content\/?page_id=467052"},"modified":"2020-10-23T09:13:32","modified_gmt":"2020-10-23T07:13:32","slug":"musik-macht-heimat","status":"publish","type":"page","link":"https:\/\/orchesterfreunde-gera.de\/content\/musik-macht-heimat\/","title":{"rendered":"Musik macht Heimat"},"content":{"rendered":"\n<p class=\"has-normal-font-size\">Am 13.06.2016 fand in der Musiks-und Kunstschule &#8222;Heinrich Sch\u00fctz&#8220; in Gera in Zusammenarbeit mit den Vereinen Akzeptanz! und Orchesterfreunde eine interaktive Musikstunde f\u00fcr in Gera lebende Fl\u00fcchtlinge statt. Zusammen mit Musiksch\u00fclern und Profis vom Philharmonischen Orchester musizierten Kinder, Jugendliche und Erwachsene eine Stunde. Der Spass war allen anzusehen und wir bedanken uns bei allen Unterst\u00fctzern!<\/p>\n\n\n\n<div class=\"wp-block-image wp-image-467047 size-medium is-style-default\"><figure class=\"alignleft\"><img loading=\"lazy\" decoding=\"async\" width=\"300\" height=\"169\" src=\"https:\/\/orchesterfreunde-gera.de\/content\/wp-content\/uploads\/2011\/06\/20160613_1614491-300x169.jpg\" alt=\"Musik macht Heimat -interaktive Musikstunde am 13.6.16\" class=\"wp-image-467047\" srcset=\"https:\/\/orchesterfreunde-gera.de\/content\/wp-content\/uploads\/2011\/06\/20160613_1614491-300x169.jpg 300w, https:\/\/orchesterfreunde-gera.de\/content\/wp-content\/uploads\/2011\/06\/20160613_1614491-768x432.jpg 768w, https:\/\/orchesterfreunde-gera.de\/content\/wp-content\/uploads\/2011\/06\/20160613_1614491-1024x576.jpg 1024w\" sizes=\"auto, (max-width: 300px) 100vw, 300px\" \/><figcaption>Musik macht Heimat -interaktive Musikstunde am 13.6.16<\/figcaption><\/figure><\/div>\n\n\n\n<div class=\"wp-block-image wp-image-467046 size-medium is-style-default\"><figure class=\"alignright\"><img loading=\"lazy\" decoding=\"async\" width=\"300\" height=\"169\" src=\"https:\/\/orchesterfreunde-gera.de\/content\/wp-content\/uploads\/2011\/06\/20160613_1611101-300x169.jpg\" alt=\"Musik macht Heimat in der Musikschule H.Sch\u00fctz am 13.6.16\" class=\"wp-image-467046\" srcset=\"https:\/\/orchesterfreunde-gera.de\/content\/wp-content\/uploads\/2011\/06\/20160613_1611101-300x169.jpg 300w, https:\/\/orchesterfreunde-gera.de\/content\/wp-content\/uploads\/2011\/06\/20160613_1611101-768x432.jpg 768w, https:\/\/orchesterfreunde-gera.de\/content\/wp-content\/uploads\/2011\/06\/20160613_1611101-1024x576.jpg 1024w\" sizes=\"auto, (max-width: 300px) 100vw, 300px\" \/><figcaption>Musik macht Heimat in der Musikschule H.Sch\u00fctz am 13.6.16<\/figcaption><\/figure><\/div>\n\n\n\n<div class=\"wp-block-image wp-image-467049 size-medium is-style-default\"><figure class=\"alignleft\"><img loading=\"lazy\" decoding=\"async\" width=\"300\" height=\"169\" src=\"https:\/\/orchesterfreunde-gera.de\/content\/wp-content\/uploads\/2011\/06\/20160613_1631441-300x169.jpg\" alt=\"Musik macht Heimat -interaktive Musikstunde am 13.6.16\" class=\"wp-image-467049\" srcset=\"https:\/\/orchesterfreunde-gera.de\/content\/wp-content\/uploads\/2011\/06\/20160613_1631441-300x169.jpg 300w, https:\/\/orchesterfreunde-gera.de\/content\/wp-content\/uploads\/2011\/06\/20160613_1631441-768x432.jpg 768w, https:\/\/orchesterfreunde-gera.de\/content\/wp-content\/uploads\/2011\/06\/20160613_1631441-1024x576.jpg 1024w\" sizes=\"auto, (max-width: 300px) 100vw, 300px\" \/><figcaption>Musik macht Heimat -interaktive Musikstunde am 13.6.16<\/figcaption><\/figure><\/div>\n\n\n\n<div class=\"wp-block-image size-medium wp-image-467045 is-style-default\"><figure class=\"alignright\"><img loading=\"lazy\" decoding=\"async\" width=\"300\" height=\"169\" src=\"https:\/\/orchesterfreunde-gera.de\/content\/wp-content\/uploads\/2011\/06\/20160613_1610531-300x169.jpg\" alt=\"Karin M\u00fcller er\u00f6ffnet Musik macht Heimat am 13.6.16\" class=\"wp-image-467045\" srcset=\"https:\/\/orchesterfreunde-gera.de\/content\/wp-content\/uploads\/2011\/06\/20160613_1610531-300x169.jpg 300w, https:\/\/orchesterfreunde-gera.de\/content\/wp-content\/uploads\/2011\/06\/20160613_1610531-768x432.jpg 768w, https:\/\/orchesterfreunde-gera.de\/content\/wp-content\/uploads\/2011\/06\/20160613_1610531-1024x576.jpg 1024w\" sizes=\"auto, (max-width: 300px) 100vw, 300px\" \/><figcaption>Karin M\u00fcller er\u00f6ffnet Musik macht Heimat am 13.6.16<\/figcaption><\/figure><\/div>\n","protected":false},"excerpt":{"rendered":"<p>Am 13.06.2016 fand in der Musiks-und Kunstschule &#8222;Heinrich Sch\u00fctz&#8220; in Gera in Zusammenarbeit mit den Vereinen Akzeptanz! und Orchesterfreunde eine interaktive Musikstunde f\u00fcr in Gera lebende Fl\u00fcchtlinge statt. Zusammen mit Musiksch\u00fclern und Profis vom Philharmonischen Orchester musizierten Kinder, Jugendliche und Erwachsene eine Stunde. Der Spass war allen anzusehen und wir bedanken uns bei allen Unterst\u00fctzern!<\/p>\n","protected":false},"author":2,"featured_media":0,"parent":0,"menu_order":0,"comment_status":"closed","ping_status":"closed","template":"","meta":{"footnotes":""},"class_list":["post-467052","page","type-page","status-publish","hentry"],"_links":{"self":[{"href":"https:\/\/orchesterfreunde-gera.de\/content\/wp-json\/wp\/v2\/pages\/467052","targetHints":{"allow":["GET"]}}],"collection":[{"href":"https:\/\/orchesterfreunde-gera.de\/content\/wp-json\/wp\/v2\/pages"}],"about":[{"href":"https:\/\/orchesterfreunde-gera.de\/content\/wp-json\/wp\/v2\/types\/page"}],"author":[{"embeddable":true,"href":"https:\/\/orchesterfreunde-gera.de\/content\/wp-json\/wp\/v2\/users\/2"}],"replies":[{"embeddable":true,"href":"https:\/\/orchesterfreunde-gera.de\/content\/wp-json\/wp\/v2\/comments?post=467052"}],"version-history":[{"count":5,"href":"https:\/\/orchesterfreunde-gera.de\/content\/wp-json\/wp\/v2\/pages\/467052\/revisions"}],"predecessor-version":[{"id":468441,"href":"https:\/\/orchesterfreunde-gera.de\/content\/wp-json\/wp\/v2\/pages\/467052\/revisions\/468441"}],"wp:attachment":[{"href":"https:\/\/orchesterfreunde-gera.de\/content\/wp-json\/wp\/v2\/media?parent=467052"}],"curies":[{"name":"wp","href":"https:\/\/api.w.org\/{rel}","templated":true}]}}