{"id":463,"date":"2011-06-16T23:42:30","date_gmt":"2011-06-16T21:42:30","guid":{"rendered":"http:\/\/demoseite.upeuker.net\/wordpress\/?page_id=463"},"modified":"2026-03-03T10:49:43","modified_gmt":"2026-03-03T09:49:43","slug":"verein","status":"publish","type":"page","link":"https:\/\/orchesterfreunde-gera.de\/content\/verein\/","title":{"rendered":"Verein"},"content":{"rendered":"<div class=\"wp-block-image is-style-default\">\n<figure class=\"aligncenter is-resized\"><img loading=\"lazy\" decoding=\"async\" width=\"2067\" height=\"984\" src=\"https:\/\/orchesterfreunde-gera.de\/content\/wp-content\/uploads\/2011\/06\/Orchesterverein-Seite.jpg\" alt=\"\" class=\"wp-image-556\" style=\"width:504px;height:240px\" title=\"Orchesterverein Seite\" srcset=\"https:\/\/orchesterfreunde-gera.de\/content\/wp-content\/uploads\/2011\/06\/Orchesterverein-Seite.jpg 2067w, https:\/\/orchesterfreunde-gera.de\/content\/wp-content\/uploads\/2011\/06\/Orchesterverein-Seite-300x142.jpg 300w, https:\/\/orchesterfreunde-gera.de\/content\/wp-content\/uploads\/2011\/06\/Orchesterverein-Seite-1024x487.jpg 1024w, https:\/\/orchesterfreunde-gera.de\/content\/wp-content\/uploads\/2011\/06\/Orchesterverein-Seite-500x238.jpg 500w\" sizes=\"auto, (max-width: 2067px) 100vw, 2067px\" \/><\/figure>\n<\/div>\n\n\n<h4 class=\"wp-block-heading has-text-align-center has-normal-font-size\"><\/h4>\n\n\n\n<p class=\"has-normal-font-size\">Der Verein der Orchesterfreunde e.V. gr\u00fcndete sich 1998. Er z\u00e4hlt heute&nbsp; 100 Mitglieder. Ziel des Vereins ist es, das Philharmonische Konzertleben f\u00fcr Gera und seine Umgebung zu wahren&nbsp; und zu f\u00f6rdern.<\/p>\n\n\n\n<p class=\"has-normal-font-size\">Im Rahmen dieser Aufgabenstellung will der Verein insbesondere das Interesse an Konzertauff\u00fchrungen bei den B\u00fcrgern wecken und vertiefen, die Jugend durch gezielte Ma\u00dfnahmen an das klassische Musikleben heranf\u00fchren.<\/p>\n\n\n\n<p class=\"has-normal-font-size\">Der Verein will die kritische Auseinandersetzung mit den Auff\u00fchrungen im Gespr\u00e4ch mit dem Publikum, den K\u00fcnstlern und der k\u00fcnstlerischen Leitung pflegen.<\/p>\n\n\n\n<p class=\"has-normal-font-size\">So hat der Orchesterverein in den vergangenen Jahren zum Beispiel ein Orchesterportr\u00e4t in Form eines Buches herausgegeben, welches 2020 eine umfassende Erg\u00e4nzung und Neuauflage erlebte, unterst\u00fctzte die Musiker bei zahlreichen CD-Produktionen, Neuanschaffung von Instrumenten , Orchesterst\u00fchlen und organisierte mehrere Benefizkonzerte und B\u00e4lle.<\/p>\n\n\n\n<p class=\"has-normal-font-size\">Regelm\u00e4\u00dfig unternehmen Vereinsmitglieder musikalische Exkursionen zu traditionellen und musikgeschichtlich bedeutsamen St\u00e4tten der Musikgeschichte.<\/p>\n\n\n\n<p class=\"has-normal-font-size\">Sollten Sie Interesse an unserer Arbeit zur Unterst\u00fctzung des Philharmonischen Orchesters haben, w\u00fcrden wir Sie gern als neues Mitglied in unserem Orchesterverein begr\u00fc\u00dfen.<\/p>\n\n\n\n<h3 class=\"wp-block-heading has-medium-font-size\"><a title=\"Vorstand\" href=\"https:\/\/orchesterfreunde-gera.de\/content\/ausserordentliche-mitgliederversammlung\/\" target=\"_blank\" rel=\"noopener noreferrer\">Vorstand des Vereins der Orchesterfreunde e.V.<\/a><\/h3>\n\n\n\n<p class=\"has-medium-font-size\"><a href=\"https:\/\/orchesterfreunde-gera.de\/content\/verein\/mitglied-werden\/\"><strong>Mitglied werden<\/strong><\/a><\/p>\n\n\n\n<p class=\"has-medium-font-size\"><\/p>\n\n\n\n<p><\/p>\n","protected":false},"excerpt":{"rendered":"<p>Der Verein der Orchesterfreunde e.V. gr\u00fcndete sich 1998. Er z\u00e4hlt heute&nbsp; 100 Mitglieder. Ziel des Vereins ist es, das Philharmonische Konzertleben f\u00fcr Gera und seine Umgebung zu wahren&nbsp; und zu f\u00f6rdern. Im Rahmen dieser Aufgabenstellung will der Verein insbesondere das Interesse an Konzertauff\u00fchrungen bei den B\u00fcrgern wecken und vertiefen, die Jugend durch gezielte Ma\u00dfnahmen an [&hellip;]<\/p>\n","protected":false},"author":2,"featured_media":0,"parent":0,"menu_order":0,"comment_status":"open","ping_status":"open","template":"verein.php","meta":{"footnotes":""},"class_list":["post-463","page","type-page","status-publish","hentry"],"_links":{"self":[{"href":"https:\/\/orchesterfreunde-gera.de\/content\/wp-json\/wp\/v2\/pages\/463","targetHints":{"allow":["GET"]}}],"collection":[{"href":"https:\/\/orchesterfreunde-gera.de\/content\/wp-json\/wp\/v2\/pages"}],"about":[{"href":"https:\/\/orchesterfreunde-gera.de\/content\/wp-json\/wp\/v2\/types\/page"}],"author":[{"embeddable":true,"href":"https:\/\/orchesterfreunde-gera.de\/content\/wp-json\/wp\/v2\/users\/2"}],"replies":[{"embeddable":true,"href":"https:\/\/orchesterfreunde-gera.de\/content\/wp-json\/wp\/v2\/comments?post=463"}],"version-history":[{"count":27,"href":"https:\/\/orchesterfreunde-gera.de\/content\/wp-json\/wp\/v2\/pages\/463\/revisions"}],"predecessor-version":[{"id":51791395715222811,"href":"https:\/\/orchesterfreunde-gera.de\/content\/wp-json\/wp\/v2\/pages\/463\/revisions\/51791395715222811"}],"wp:attachment":[{"href":"https:\/\/orchesterfreunde-gera.de\/content\/wp-json\/wp\/v2\/media?parent=463"}],"curies":[{"name":"wp","href":"https:\/\/api.w.org\/{rel}","templated":true}]}}