{"id":442,"date":"2011-06-16T23:19:36","date_gmt":"2011-06-16T21:19:36","guid":{"rendered":"http:\/\/demoseite.upeuker.net\/wordpress\/?page_id=442"},"modified":"2026-04-16T09:20:26","modified_gmt":"2026-04-16T07:20:26","slug":"start","status":"publish","type":"page","link":"https:\/\/orchesterfreunde-gera.de\/content\/start\/","title":{"rendered":"Ouvert\u00fcre"},"content":{"rendered":"\n<p><\/p>\n\n\n\n<div class=\"wp-block-buttons is-layout-flex wp-block-buttons-is-layout-flex\"><\/div>\n\n\n\n<h2 class=\"wp-block-heading has-text-align-center\"><\/h2>\n\n\n\n<h4 class=\"wp-block-heading\"><figure><img loading=\"lazy\" decoding=\"async\" class=\"size-large wp-image-443 align bottom\" title=\"konzertsaal\" src=\"https:\/\/orchesterfreunde-gera.de\/content\/wp-content\/uploads\/2011\/06\/konzertsaal-1024x630.jpg\" alt=\"\" width=\"655\" height=\"403\" srcset=\"https:\/\/orchesterfreunde-gera.de\/content\/wp-content\/uploads\/2011\/06\/konzertsaal-1024x630.jpg 1024w, https:\/\/orchesterfreunde-gera.de\/content\/wp-content\/uploads\/2011\/06\/konzertsaal-300x184.jpg 300w, https:\/\/orchesterfreunde-gera.de\/content\/wp-content\/uploads\/2011\/06\/konzertsaal-487x300.jpg 487w, https:\/\/orchesterfreunde-gera.de\/content\/wp-content\/uploads\/2011\/06\/konzertsaal.jpg 1890w\" sizes=\"auto, (max-width: 655px) 100vw, 655px\" \/><\/figure><\/h4>\n\n\n\n<h3 class=\"wp-block-heading\">Konzertsaal Gera<\/h3>\n\n\n\n<p class=\"has-normal-font-size\">Hier m\u00f6chte der Verein der Orchesterfreunde Gera e.V. den Mittelpunkt seiner F\u00f6rder- und Vereinsarbeit vorstellen.<\/p>\n\n\n\n<p class=\"has-normal-font-size\">Das Philharmonische Orchester Altenburg &#8211; Gera entstand im Jahre 2001 aus&nbsp; dem Zusammenschluss der Orchester des Landestheaters Altenburg und der B\u00fchnen der Stadt Gera.<\/p>\n\n\n\n<p class=\"has-normal-font-size\">Im Jahr 1995 fusionierten die traditionsreichen Theater beider St\u00e4dte zu einer Theater-GmbH. Diese tr\u00e4gt heute den Namen Theater Altenburg Gera gGmbH, und steht f\u00fcr leistungsf\u00e4higes Mehrspartentheater mit \u00fcberregionaler Ausstrahlung. Die Zusammenf\u00fchrung der beiden Orchester vollzog sich erst im Jahr 2000. Bis dahin musizierten die Mitglieder der Landeskapelle Altenburg und des Philharmonischen Orchester Gera noch weitgehend separat.&nbsp; Anfangs summierte sich die Zahl der Musiker auf insgesamt \u00fcber 100 Personen. Im Laufe der Jahre wurde durch sozialvertr\u00e4gliche Regelungen eine Schrumpfung des Klangk\u00f6rpers auf&nbsp; 78 Planstellen vollzogen.<\/p>\n\n\n\n<p class=\"has-normal-font-size\">Nach einer spektakul\u00e4ren Rettungsaktion aller Theaterfreunde, Vereine,&nbsp; Zuschauer und Mitarbeiter konnte im Jahr 2012 eine weitere massive K\u00fcrzung des Personals, insbesondere im Schauspiel, Puppentheater und Orchester, verhindert werden. Die Landes- und Kommunalpolitiker bekannten sich zum Erhalt des letzten 5- Spartentheaters in Th\u00fcringen. Dennoch mu\u00dfte in einigen Bereichen des Theaters weiter Personal abgebaut werden, so auch im Orchester.&nbsp; 73 Planstellen sind bis 2016 festgeschrieben.<\/p>\n\n\n\n<p class=\"has-normal-font-size\">Seit November 2015 wurde durch das Konzept &#8222;Perspektive 2025&#8220; des Th\u00fcringer Kulturministers Prof. Hoff eine weitere Verkleinerung des Orchesters auf 64 Stellen in den Blick genommen und auf Wunsch der regionalen Gesellschafter beschlossen. Die Abw\u00e4rtsspirale setzt sich st\u00e4ndig und unaufhaltsam fort.<\/p>\n\n\n\n<div class=\"wp-block-buttons is-layout-flex wp-block-buttons-is-layout-flex\"><\/div>\n","protected":false},"excerpt":{"rendered":"<p>Konzertsaal Gera Hier m\u00f6chte der Verein der Orchesterfreunde Gera e.V. den Mittelpunkt seiner F\u00f6rder- und Vereinsarbeit vorstellen. Das Philharmonische Orchester Altenburg &#8211; Gera entstand im Jahre 2001 aus&nbsp; dem Zusammenschluss der Orchester des Landestheaters Altenburg und der B\u00fchnen der Stadt Gera. Im Jahr 1995 fusionierten die traditionsreichen Theater beider St\u00e4dte zu einer Theater-GmbH. Diese tr\u00e4gt [&hellip;]<\/p>\n","protected":false},"author":2,"featured_media":0,"parent":0,"menu_order":1,"comment_status":"open","ping_status":"open","template":"","meta":{"footnotes":""},"class_list":["post-442","page","type-page","status-publish","hentry"],"_links":{"self":[{"href":"https:\/\/orchesterfreunde-gera.de\/content\/wp-json\/wp\/v2\/pages\/442","targetHints":{"allow":["GET"]}}],"collection":[{"href":"https:\/\/orchesterfreunde-gera.de\/content\/wp-json\/wp\/v2\/pages"}],"about":[{"href":"https:\/\/orchesterfreunde-gera.de\/content\/wp-json\/wp\/v2\/types\/page"}],"author":[{"embeddable":true,"href":"https:\/\/orchesterfreunde-gera.de\/content\/wp-json\/wp\/v2\/users\/2"}],"replies":[{"embeddable":true,"href":"https:\/\/orchesterfreunde-gera.de\/content\/wp-json\/wp\/v2\/comments?post=442"}],"version-history":[{"count":323,"href":"https:\/\/orchesterfreunde-gera.de\/content\/wp-json\/wp\/v2\/pages\/442\/revisions"}],"predecessor-version":[{"id":51791395715222826,"href":"https:\/\/orchesterfreunde-gera.de\/content\/wp-json\/wp\/v2\/pages\/442\/revisions\/51791395715222826"}],"wp:attachment":[{"href":"https:\/\/orchesterfreunde-gera.de\/content\/wp-json\/wp\/v2\/media?parent=442"}],"curies":[{"name":"wp","href":"https:\/\/api.w.org\/{rel}","templated":true}]}}