{"id":420,"date":"2011-06-16T16:00:09","date_gmt":"2011-06-16T14:00:09","guid":{"rendered":"http:\/\/demoseite.upeuker.net\/wordpress\/?page_id=420"},"modified":"2020-10-23T09:20:35","modified_gmt":"2020-10-23T07:20:35","slug":"russell-n-harris","status":"publish","type":"page","link":"https:\/\/orchesterfreunde-gera.de\/content\/dirigenten\/russell-n-harris\/","title":{"rendered":"Russell N. Harris"},"content":{"rendered":"\n<figure class=\"wp-block-image is-style-default\"><img loading=\"lazy\" decoding=\"async\" width=\"800\" height=\"534\" src=\"https:\/\/orchesterfreunde-gera.de\/content\/wp-content\/uploads\/2011\/06\/800px-Russell_N._Harris.jpg\" alt=\"Russell_N._Harris\" class=\"wp-image-421\" title=\"Russell_N._Harris\" srcset=\"https:\/\/orchesterfreunde-gera.de\/content\/wp-content\/uploads\/2011\/06\/800px-Russell_N._Harris.jpg 800w, https:\/\/orchesterfreunde-gera.de\/content\/wp-content\/uploads\/2011\/06\/800px-Russell_N._Harris-300x200.jpg 300w, https:\/\/orchesterfreunde-gera.de\/content\/wp-content\/uploads\/2011\/06\/800px-Russell_N._Harris-449x300.jpg 449w\" sizes=\"auto, (max-width: 800px) 100vw, 800px\" \/><\/figure>\n\n\n\n<p class=\"has-normal-font-size\">Russell Harris wurde in London geboren und studierte am dortigen Royal College of Music die F\u00e4cher Dirigieren, Komposition, Klarinette und Klavier. Zu seinen Lehrern z\u00e4hlten Vernon Handley, Sir Adrian Boult, Janos F\u00fcrst und Bernard Haitink.<br>Seine berufliche Laufbahn begann er 1974 als Erster Kapellmeister des Opernhauses Malm\u00f6 in Schweden. Nachdem er etliche Orchester in Skandinavien dirigiert hatte, wurde er 1984 Musikdirektor der Norrlands Opera in Ume\u00e5 und Leiter des Nordischen Festivals f\u00fcr Neue Musik in Malm\u00f6. Zu den weiteren Stationen geh\u00f6rten die K\u00f6nigliche Oper Stockholm und eine Dozentur am Musikkonservatorium Malm\u00f6. Von 1987 bis 1989 war Harris Chefdirigent des Opernhauses G\u00f6teborg.<br>Von 1991 an wirkte er als erster Kapellmeister am Deutschen Nationaltheater Weimar, und von 1995 bis 2000 war er Generalmusikdirektor des Theaters Altenburg-Gera. Er gastierte u.a. beim BBC Symphony Orchestra, beim Radio-Sinfonieorchester Basel, bei zahlreichen Deutschen Sinfonieorchestern und Theatern, ebenso ist er immer wieder Gastdirigent bei den&nbsp; gro\u00dfen skandinavischen Orchestern. Zahlreiche Gastspielverpflichtungen f\u00fchrten ihn in die USA, nach Kanada, Frankreich und Zypern.<\/p>\n\n\n\n<p class=\"has-normal-font-size\">Von 2003 \u2013 2011 war Russell Harris Chefdirigent der Philharmonie S\u00fcdwestfalen. Mit diesem Orchester dirigierte Russell Harris zahlreiche Konzertevents, u.a. in der Berlin Philharmonie, Essener Philharmonie, Hamburg, Dortmund und Frankreich.<\/p>\n\n\n\n<p class=\"has-normal-font-size\">Ein H\u00f6hepunkt war 2007 die erfolgreiche Konzerttournee mit der Philharmonie S\u00fcdwestfalen nach China.<\/p>\n\n\n\n<p class=\"has-normal-font-size\">Russell Harris&nbsp; gilt als Experte f\u00fcr sinfonischen Jazz: Er leitete zahlreiche Auff\u00fchrungen klassischer Musicals, Filmkonzerte sowie Crossover-Konzerte. \u00dcberdies setzt er sich engagiert&nbsp; f\u00fcr Neue Musik ein.<\/p>\n\n\n\n<p class=\"has-normal-font-size\">Hervorzuheben ist sein vehementer Einsatz f\u00fcr Projekte, um Kinder und Jugendliche an die Musik heranzuf\u00fchren. Daf\u00fcr konnte er die von ihm ins Leben gerufenen Konzertreihen mit der Philharmonie S\u00fcdwestfalen &#8222;Young Classics&#8220; und verschiedene Musikschulkooperationen realisieren, die mittlerweile im Siegerland Kultstatus erlangt haben.<\/p>\n","protected":false},"excerpt":{"rendered":"<p>Russell Harris wurde in London geboren und studierte am dortigen Royal College of Music die F\u00e4cher Dirigieren, Komposition, Klarinette und Klavier. Zu seinen Lehrern z\u00e4hlten Vernon Handley, Sir Adrian Boult, Janos F\u00fcrst und Bernard Haitink.Seine berufliche Laufbahn begann er 1974 als Erster Kapellmeister des Opernhauses Malm\u00f6 in Schweden. Nachdem er etliche Orchester in Skandinavien dirigiert [&hellip;]<\/p>\n","protected":false},"author":2,"featured_media":0,"parent":616,"menu_order":0,"comment_status":"open","ping_status":"open","template":"","meta":{"footnotes":""},"class_list":["post-420","page","type-page","status-publish","hentry"],"_links":{"self":[{"href":"https:\/\/orchesterfreunde-gera.de\/content\/wp-json\/wp\/v2\/pages\/420","targetHints":{"allow":["GET"]}}],"collection":[{"href":"https:\/\/orchesterfreunde-gera.de\/content\/wp-json\/wp\/v2\/pages"}],"about":[{"href":"https:\/\/orchesterfreunde-gera.de\/content\/wp-json\/wp\/v2\/types\/page"}],"author":[{"embeddable":true,"href":"https:\/\/orchesterfreunde-gera.de\/content\/wp-json\/wp\/v2\/users\/2"}],"replies":[{"embeddable":true,"href":"https:\/\/orchesterfreunde-gera.de\/content\/wp-json\/wp\/v2\/comments?post=420"}],"version-history":[{"count":9,"href":"https:\/\/orchesterfreunde-gera.de\/content\/wp-json\/wp\/v2\/pages\/420\/revisions"}],"predecessor-version":[{"id":468451,"href":"https:\/\/orchesterfreunde-gera.de\/content\/wp-json\/wp\/v2\/pages\/420\/revisions\/468451"}],"up":[{"embeddable":true,"href":"https:\/\/orchesterfreunde-gera.de\/content\/wp-json\/wp\/v2\/pages\/616"}],"wp:attachment":[{"href":"https:\/\/orchesterfreunde-gera.de\/content\/wp-json\/wp\/v2\/media?parent=420"}],"curies":[{"name":"wp","href":"https:\/\/api.w.org\/{rel}","templated":true}]}}