{"id":40334,"date":"2016-02-18T09:31:05","date_gmt":"2016-02-18T08:31:05","guid":{"rendered":"http:\/\/orchesterfreunde-gera.de\/content\/?page_id=40334"},"modified":"2016-02-18T09:44:30","modified_gmt":"2016-02-18T08:44:30","slug":"hoffnungsstreif-am-horizont","status":"publish","type":"page","link":"https:\/\/orchesterfreunde-gera.de\/content\/hoffnungsstreif-am-horizont\/","title":{"rendered":"Hoffnungsstreif am Horizont?"},"content":{"rendered":"<p>Optimistisch in die Verhandlungen<\/p>\n<p>Mit Optimismus sieht der Orchestervorstand des Philharmonischen Orchesters Altenburg-Gera den Verhandlungen zur Zukunft des 5-Sparten-Theaters in Altenburg und Gera entgegen. Nach zahlreichen Diskussionsrunden und Gespr\u00e4chen im kleinen Kreis, habe man den Eindruck gewonnen, dass sowohl die Stadt Gera als gr\u00f6\u00dfter kommunaler Geldgeber, als auch das Th\u00fcringer Kultusministerium den B-Status des Orchesters unbedingt erhalten wollen. Ausgehend von der damit verkn\u00fcpften Planstellenzahl von 66 werde es in den Verhandlungen also vor allem darum gehen, welche Ma\u00dfnahmen geeignet sind, die Spanne bis hin zur jetzigen St\u00e4rke von 73 Musikern abzusichern.<\/p>\n<p>Auch hinsichtlich einer vertieften Kooperation mit der Jenaer Philharmonie sei man inzwischen an allen Standorten zu der Einsicht gelangt, dass diese kein geeignetes Mittel sei, einen massiven Stellenabbau zu rechtfertigen. Sowohl die r\u00e4umliche Entfernung Jena-Gera-Altenburg, als auch die unterschiedliche Spezialisierung und hohe Auslastung der Klangk\u00f6rper st\u00fcnden dieser Idee entgegen. Vielmehr d\u00fcrfte das Vorhaben beider Philharmonien, mit einer punktuellen Zusammenarbeit das kulturelle Angebot in Ostth\u00fcringen zu erweitern und zu bereichern, gr\u00f6\u00dfere Aussicht auf Erfolg haben.<\/p>\n<p>Orchestervorstand des<\/p>\n<p>Philharmonischen Orchesters Altenburg-Gera<\/p>\n<p>c\/o Hendrik Schn\u00f6ke (Vorsitzender)<\/p>\n<p>orchestervorstand@gmx.net<\/p>\n","protected":false},"excerpt":{"rendered":"<p>Optimistisch in die Verhandlungen Mit Optimismus sieht der Orchestervorstand des Philharmonischen Orchesters Altenburg-Gera den Verhandlungen zur Zukunft des 5-Sparten-Theaters in Altenburg und Gera entgegen. Nach zahlreichen Diskussionsrunden und Gespr\u00e4chen im kleinen Kreis, habe man den Eindruck gewonnen, dass sowohl die Stadt Gera als gr\u00f6\u00dfter kommunaler Geldgeber, als auch das Th\u00fcringer Kultusministerium den B-Status des Orchesters [&hellip;]<\/p>\n","protected":false},"author":2,"featured_media":0,"parent":0,"menu_order":0,"comment_status":"closed","ping_status":"closed","template":"","meta":{"footnotes":""},"class_list":["post-40334","page","type-page","status-publish","hentry"],"_links":{"self":[{"href":"https:\/\/orchesterfreunde-gera.de\/content\/wp-json\/wp\/v2\/pages\/40334","targetHints":{"allow":["GET"]}}],"collection":[{"href":"https:\/\/orchesterfreunde-gera.de\/content\/wp-json\/wp\/v2\/pages"}],"about":[{"href":"https:\/\/orchesterfreunde-gera.de\/content\/wp-json\/wp\/v2\/types\/page"}],"author":[{"embeddable":true,"href":"https:\/\/orchesterfreunde-gera.de\/content\/wp-json\/wp\/v2\/users\/2"}],"replies":[{"embeddable":true,"href":"https:\/\/orchesterfreunde-gera.de\/content\/wp-json\/wp\/v2\/comments?post=40334"}],"version-history":[{"count":1,"href":"https:\/\/orchesterfreunde-gera.de\/content\/wp-json\/wp\/v2\/pages\/40334\/revisions"}],"predecessor-version":[{"id":40335,"href":"https:\/\/orchesterfreunde-gera.de\/content\/wp-json\/wp\/v2\/pages\/40334\/revisions\/40335"}],"wp:attachment":[{"href":"https:\/\/orchesterfreunde-gera.de\/content\/wp-json\/wp\/v2\/media?parent=40334"}],"curies":[{"name":"wp","href":"https:\/\/api.w.org\/{rel}","templated":true}]}}