{"id":34848,"date":"2015-08-24T20:44:39","date_gmt":"2015-08-24T18:44:39","guid":{"rendered":"http:\/\/orchesterfreunde-gera.de\/content\/?page_id=34848"},"modified":"2018-01-30T09:50:40","modified_gmt":"2018-01-30T08:50:40","slug":"strukturnachrichten","status":"publish","type":"page","link":"https:\/\/orchesterfreunde-gera.de\/content\/strukturnachrichten\/","title":{"rendered":"Archiviertes zur Theaterzukunft"},"content":{"rendered":"<h2>Verein der Orchesterfreunde gegen weiteren Stellenabbau<\/h2>\n<h3 style=\"text-align: center;\"><a href=\"http:\/\/gera.otz.de\/web\/lokal\/kultur\/detail\/-\/specific\/Kabinett-in-Erfurt-beraet-Theaterreform-CDU-in-Gera-haelt-vieles-fuer-nicht-pra-357324968\" target=\"_blank\" rel=\"noopener\">&gt;&gt;&gt;&gt;Doch Stellenabbau ?&lt;&lt;&lt;&lt;<\/a><\/h3>\n<h3 style=\"text-align: center;\"><a href=\"https:\/\/orchesterfreunde-gera.de\/content\/hoffnungsstreif-am-horizont\/\" target=\"_blank\" rel=\"noopener\">&gt;&gt;&gt;&gt;Hoffnungsstreif ?&lt;&lt;&lt;&lt;<\/a><\/h3>\n<h3 style=\"text-align: center;\"><a href=\"https:\/\/orchesterfreunde-gera.de\/content\/offener-brief\/\" target=\"_blank\" rel=\"noopener\">&gt;&gt;&gt;&gt;Offener Brief : GMD Wagner an Kulturstaatsministerin&lt;&lt;&lt;&lt;<\/a><\/h3>\n<h3><\/h3>\n<p><img loading=\"lazy\" decoding=\"async\" class=\"aligncenter size-large wp-image-38405\" src=\"https:\/\/orchesterfreunde-gera.de\/content\/wp-content\/uploads\/2015\/12\/GMDDortmund0001-648x1024.jpg\" alt=\"GMDDortmund0001\" width=\"648\" height=\"1024\" srcset=\"https:\/\/orchesterfreunde-gera.de\/content\/wp-content\/uploads\/2015\/12\/GMDDortmund0001-648x1024.jpg 648w, https:\/\/orchesterfreunde-gera.de\/content\/wp-content\/uploads\/2015\/12\/GMDDortmund0001-190x300.jpg 190w, https:\/\/orchesterfreunde-gera.de\/content\/wp-content\/uploads\/2015\/12\/GMDDortmund0001-768x1215.jpg 768w, https:\/\/orchesterfreunde-gera.de\/content\/wp-content\/uploads\/2015\/12\/GMDDortmund0001.jpg 1216w\" sizes=\"auto, (max-width: 648px) 100vw, 648px\" \/><\/p>\n<h3><a href=\"http:\/\/gera.otz.de\/web\/lokal\/kultur\/detail\/-\/specific\/Arbeitstreffen-der-Traeger-zur-Thueringer-Theaterlandschaft-440393021\" target=\"_blank\" rel=\"noopener\">&gt;&gt;&gt;&gt;Kooperation offenbar beschlossene Sache&lt;&lt;&lt;&lt;<\/a><\/h3>\n<h3><a href=\"https:\/\/orchesterfreunde-gera.de\/content\/pressemitteilung-des-orchestervorstandes-des-philharmonischen-orchesters\/\" target=\"_blank\" rel=\"noopener\">&gt;&gt;&gt;&gt;Pressemitteilung des Orchestervorstandes vom 09.11.&lt;&lt;&lt;&lt;<\/a><\/h3>\n<h3><a href=\"http:\/\/www.thueringen.de\/mam\/th1\/tsk\/arbeitspapier_zur___perspektive_2025_.pdf\" target=\"_blank\" rel=\"noopener\">&gt;&gt;&gt;&gt;Der neue Strukturplan f\u00fcr die Th\u00fcringer Theaterlandschaft im Detail&lt;&lt;&lt;&lt;<\/a><\/h3>\n<p>&nbsp;<\/p>\n<p>Unterst\u00fctzen Sie uns, machen Sie mobil! Schreiben Sie Leserbriefe oder direkt an die Oberb\u00fcrgermeisterin!<\/p>\n<p>Der Vorstand<img loading=\"lazy\" decoding=\"async\" class=\"alignright wp-image-34859 size-medium\" src=\"https:\/\/orchesterfreunde-gera.de\/content\/wp-content\/uploads\/2015\/08\/frisch_gestrichen-300x212.jpg\" alt=\"frisch_gestrichen\" width=\"300\" height=\"212\" srcset=\"https:\/\/orchesterfreunde-gera.de\/content\/wp-content\/uploads\/2015\/08\/frisch_gestrichen-300x212.jpg 300w, https:\/\/orchesterfreunde-gera.de\/content\/wp-content\/uploads\/2015\/08\/frisch_gestrichen-1024x724.jpg 1024w, https:\/\/orchesterfreunde-gera.de\/content\/wp-content\/uploads\/2015\/08\/frisch_gestrichen.jpg 2048w\" sizes=\"auto, (max-width: 300px) 100vw, 300px\" \/><\/p>\n<p><a href=\"http:\/\/www.orchesterfreunde-gera.de\" target=\"_blank\" rel=\"noopener\">www.orchesterfreunde-gera.de<\/a><\/p>\n<p><a href=\"mailto:kontakt@orchesterfreunde-gera.de\" target=\"_blank\" rel=\"noopener\">kontakt@orchesterfreunde-gera.de<\/a><\/p>\n<p>&nbsp;<\/p>\n<p>&nbsp;<\/p>\n<p>&nbsp;<\/p>\n","protected":false},"excerpt":{"rendered":"<p>Verein der Orchesterfreunde gegen weiteren Stellenabbau &gt;&gt;&gt;&gt;Doch Stellenabbau ?&lt;&lt;&lt;&lt; &gt;&gt;&gt;&gt;Hoffnungsstreif ?&lt;&lt;&lt;&lt; &gt;&gt;&gt;&gt;Offener Brief : GMD Wagner an Kulturstaatsministerin&lt;&lt;&lt;&lt; &gt;&gt;&gt;&gt;Kooperation offenbar beschlossene Sache&lt;&lt;&lt;&lt; &gt;&gt;&gt;&gt;Pressemitteilung des Orchestervorstandes vom 09.11.&lt;&lt;&lt;&lt; &gt;&gt;&gt;&gt;Der neue Strukturplan f\u00fcr die Th\u00fcringer Theaterlandschaft im Detail&lt;&lt;&lt;&lt; &nbsp; Unterst\u00fctzen Sie uns, machen Sie mobil! Schreiben Sie Leserbriefe oder direkt an die Oberb\u00fcrgermeisterin! Der Vorstand www.orchesterfreunde-gera.de kontakt@orchesterfreunde-gera.de [&hellip;]<\/p>\n","protected":false},"author":2,"featured_media":0,"parent":0,"menu_order":0,"comment_status":"closed","ping_status":"closed","template":"","meta":{"footnotes":""},"class_list":["post-34848","page","type-page","status-publish","hentry"],"_links":{"self":[{"href":"https:\/\/orchesterfreunde-gera.de\/content\/wp-json\/wp\/v2\/pages\/34848","targetHints":{"allow":["GET"]}}],"collection":[{"href":"https:\/\/orchesterfreunde-gera.de\/content\/wp-json\/wp\/v2\/pages"}],"about":[{"href":"https:\/\/orchesterfreunde-gera.de\/content\/wp-json\/wp\/v2\/types\/page"}],"author":[{"embeddable":true,"href":"https:\/\/orchesterfreunde-gera.de\/content\/wp-json\/wp\/v2\/users\/2"}],"replies":[{"embeddable":true,"href":"https:\/\/orchesterfreunde-gera.de\/content\/wp-json\/wp\/v2\/comments?post=34848"}],"version-history":[{"count":38,"href":"https:\/\/orchesterfreunde-gera.de\/content\/wp-json\/wp\/v2\/pages\/34848\/revisions"}],"predecessor-version":[{"id":467566,"href":"https:\/\/orchesterfreunde-gera.de\/content\/wp-json\/wp\/v2\/pages\/34848\/revisions\/467566"}],"wp:attachment":[{"href":"https:\/\/orchesterfreunde-gera.de\/content\/wp-json\/wp\/v2\/media?parent=34848"}],"curies":[{"name":"wp","href":"https:\/\/api.w.org\/{rel}","templated":true}]}}