{"id":18,"date":"2011-05-08T19:28:11","date_gmt":"2011-05-08T17:28:11","guid":{"rendered":"http:\/\/demoseite.upeuker.net\/wordpress\/?page_id=18"},"modified":"2023-02-02T11:34:07","modified_gmt":"2023-02-02T10:34:07","slug":"presse","status":"publish","type":"page","link":"https:\/\/orchesterfreunde-gera.de\/content\/presse\/","title":{"rendered":"Lob und Kritik"},"content":{"rendered":"\n<p class=\"has-medium-font-size\">Unter dieser Rubrik finden Sie nacheinander die Kritiken der Sch\u00fclerinnen aus unserem aktuellen Workshop, welcher von Angelika Bohn und uns betreut wird.<\/p>\n\n\n\n<p class=\"has-medium-font-size\">Teilnehmerinnen sind in diesem Jahr: <\/p>\n\n\n\n<p class=\"has-medium-font-size\">Maha, Jolina und Paula sind Sch\u00fclerinnen der Klassenstufe 11 des Geraer Rutheneum seit 1608. Sie schreiben eine Seminarfacharbeit mit dem Themenfeld Musikjournalismus\/ Konzertkritik und waren auf den Flyer \u201eWorkshop Konzertkritik\u201c aufmerksam geworden, an dem sie bis zum Ende der Spielzeit teilnehmen werden. Zudem konnten die Sch\u00fclerinnen die Journalistin Angelika Bohn f\u00fcr die Au\u00dfenbetreuung der Seminarfacharbeit gewinnen. Um eigene Erfahrungen zu sammeln,&nbsp; unternehmen sie dank der Unterst\u00fctzung des Vereins ihre allerersten Schritte als Musikkritikerinnen.<\/p>\n\n\n\n<p class=\"has-medium-font-size\">Ebenfalls am Workshop teil nimmt Rebecca Anlauf. Sie hat sich nach dem Abitur f\u00fcr ein Freiwilliges Soziales Jahr entschlossen, das sie zur Zeit am Theater Altenburg Gera absolviert<\/p>\n","protected":false},"excerpt":{"rendered":"<p>Unter dieser Rubrik finden Sie nacheinander die Kritiken der Sch\u00fclerinnen aus unserem aktuellen Workshop, welcher von Angelika Bohn und uns betreut wird. Teilnehmerinnen sind in diesem Jahr: Maha, Jolina und Paula sind Sch\u00fclerinnen der Klassenstufe 11 des Geraer Rutheneum seit 1608. Sie schreiben eine Seminarfacharbeit mit dem Themenfeld Musikjournalismus\/ Konzertkritik und waren auf den Flyer [&hellip;]<\/p>\n","protected":false},"author":1,"featured_media":0,"parent":0,"menu_order":0,"comment_status":"open","ping_status":"open","template":"","meta":{"footnotes":""},"class_list":["post-18","page","type-page","status-publish","hentry"],"_links":{"self":[{"href":"https:\/\/orchesterfreunde-gera.de\/content\/wp-json\/wp\/v2\/pages\/18","targetHints":{"allow":["GET"]}}],"collection":[{"href":"https:\/\/orchesterfreunde-gera.de\/content\/wp-json\/wp\/v2\/pages"}],"about":[{"href":"https:\/\/orchesterfreunde-gera.de\/content\/wp-json\/wp\/v2\/types\/page"}],"author":[{"embeddable":true,"href":"https:\/\/orchesterfreunde-gera.de\/content\/wp-json\/wp\/v2\/users\/1"}],"replies":[{"embeddable":true,"href":"https:\/\/orchesterfreunde-gera.de\/content\/wp-json\/wp\/v2\/comments?post=18"}],"version-history":[{"count":27,"href":"https:\/\/orchesterfreunde-gera.de\/content\/wp-json\/wp\/v2\/pages\/18\/revisions"}],"predecessor-version":[{"id":51791395715222193,"href":"https:\/\/orchesterfreunde-gera.de\/content\/wp-json\/wp\/v2\/pages\/18\/revisions\/51791395715222193"}],"wp:attachment":[{"href":"https:\/\/orchesterfreunde-gera.de\/content\/wp-json\/wp\/v2\/media?parent=18"}],"curies":[{"name":"wp","href":"https:\/\/api.w.org\/{rel}","templated":true}]}}