{"id":1287,"date":"2012-03-15T11:32:25","date_gmt":"2012-03-15T10:32:25","guid":{"rendered":"http:\/\/orchesterfreunde-gera.de\/content\/?page_id=1287"},"modified":"2012-03-15T11:37:55","modified_gmt":"2012-03-15T10:37:55","slug":"oberburgermeister-fordert-orchesterverkleinerung","status":"publish","type":"page","link":"https:\/\/orchesterfreunde-gera.de\/content\/oberburgermeister-fordert-orchesterverkleinerung\/","title":{"rendered":"Oberb\u00fcrgermeister fordert Orchesterverkleinerung"},"content":{"rendered":"<h1><em>Theaterdebatte<\/em><\/h1>\n<h2>Pro Schauspiel und gerechtere Bezahlung<\/h2>\n<p>Altenburg. Das Landestheater muss ein produzierendes Mehrspartentheater bleiben. Das ist die Pr\u00e4misse von Oberb\u00fcrgermeister Michael Wolf, wenn es um die derzeit hei\u00df diskutierte Zukunft des Hauses geht. &#8222;Wer sich hinstellt und K\u00fcrzungen fordert, spielt mit einer 140-j\u00e4hrigen Tradition&#8220;, erkl\u00e4rte der SPD-Politiker bei der Pr\u00e4sentation seines Wahlprogramms.<br \/>\nDeshalb setze er jetzt alle Kraft in den Abschluss eines neuen Haustarifvertrages, denn nur so sei die Zukunft des Schauspiels zu sichern. &#8222;Wir brauchen das Schauspiel als Bildungsfaktor. Eine Abwicklung dieser Sparte ist mit mir nicht zu machen.&#8220; Wolf verlangte aber zugleich, dass mehr St\u00fccke gespielt werden sollten, die das Publikum annimmt. Der OB wiederholte sein Ansinnen, dass die Stadt Altenburg, so schwer ihr das auch falle, einen etwas h\u00f6heren Theater-Zuschuss zu zahlen bereit w\u00e4re. &#8222;Aber nicht allein, da m\u00fcssen die anderen Gesellschafter mitziehen.&#8220;<br \/>\nSo klar seine Haltung zum Schauspielensemble, so klar auch seine Meinung zum Orchester. Das muss nach Auffassung von Wolf auf jeden Fall verkleinert werden. 59 Musiker seien f\u00fcr das Altenburg-Geraer Theater angemessen. In diesem Zusammenhang appellierte der OB zugleich an die Bundespolitik, endlich die Voraussetzungen f\u00fcr eine gerechtere Bezahlung der K\u00fcnstler zu schaffen. Es k\u00f6nne nicht sein, dass ein Orchestermusiker das Drei- bis Dreieinhalbfache eines T\u00e4nzers verdient und dass ein Chors\u00e4nger besser bezahlt wird als ein Solist.<br \/>\nMichael Wolf ist zum Thema Theater-Zukunft am 21. M\u00e4rz, 15.30 Uhr, im Ratskeller zu Gast bei der &#8222;Wir um vier&#8220;-Veranstaltung des Altenburger Theatervereins.<\/p>\n<p>Michael Wolf<\/p>\n<p>&nbsp;<\/p>\n<p>Quelle: Osterl\u00e4nder Volkszeitung 15.03.2012<\/p>\n","protected":false},"excerpt":{"rendered":"<p>Theaterdebatte Pro Schauspiel und gerechtere Bezahlung Altenburg. Das Landestheater muss ein produzierendes Mehrspartentheater bleiben. Das ist die Pr\u00e4misse von Oberb\u00fcrgermeister Michael Wolf, wenn es um die derzeit hei\u00df diskutierte Zukunft des Hauses geht. &#8222;Wer sich hinstellt und K\u00fcrzungen fordert, spielt mit einer 140-j\u00e4hrigen Tradition&#8220;, erkl\u00e4rte der SPD-Politiker bei der Pr\u00e4sentation seines Wahlprogramms. Deshalb setze er [&hellip;]<\/p>\n","protected":false},"author":2,"featured_media":0,"parent":0,"menu_order":0,"comment_status":"open","ping_status":"open","template":"","meta":{"footnotes":""},"class_list":["post-1287","page","type-page","status-publish","hentry"],"_links":{"self":[{"href":"https:\/\/orchesterfreunde-gera.de\/content\/wp-json\/wp\/v2\/pages\/1287","targetHints":{"allow":["GET"]}}],"collection":[{"href":"https:\/\/orchesterfreunde-gera.de\/content\/wp-json\/wp\/v2\/pages"}],"about":[{"href":"https:\/\/orchesterfreunde-gera.de\/content\/wp-json\/wp\/v2\/types\/page"}],"author":[{"embeddable":true,"href":"https:\/\/orchesterfreunde-gera.de\/content\/wp-json\/wp\/v2\/users\/2"}],"replies":[{"embeddable":true,"href":"https:\/\/orchesterfreunde-gera.de\/content\/wp-json\/wp\/v2\/comments?post=1287"}],"version-history":[{"count":4,"href":"https:\/\/orchesterfreunde-gera.de\/content\/wp-json\/wp\/v2\/pages\/1287\/revisions"}],"predecessor-version":[{"id":1290,"href":"https:\/\/orchesterfreunde-gera.de\/content\/wp-json\/wp\/v2\/pages\/1287\/revisions\/1290"}],"wp:attachment":[{"href":"https:\/\/orchesterfreunde-gera.de\/content\/wp-json\/wp\/v2\/media?parent=1287"}],"curies":[{"name":"wp","href":"https:\/\/api.w.org\/{rel}","templated":true}]}}